{"id":16,"date":"2019-12-07T12:43:46","date_gmt":"2019-12-07T12:43:46","guid":{"rendered":"https:\/\/vtcf.net\/wordpress\/?page_id=16"},"modified":"2026-02-01T20:26:32","modified_gmt":"2026-02-01T18:26:32","slug":"johtokunta-2019","status":"publish","type":"page","link":"https:\/\/vtcf.net\/wordpress\/?page_id=16","title":{"rendered":"Johtokunta 2026"},"content":{"rendered":"\n<p><strong>Johtokunta 2026 <br>www-sivut ja keskustelupalsta: jari.jakonen (at) mikua.fi, puh.0440-846635<\/strong><\/p>\n\n\n\n<p><\/p>\n\n\n\n<figure class=\"wp-block-table is-style-stripes\"><table><tbody><tr><td>TUOMO PURSIAINEN<br> Puheenjohtaja<br><\/td><td>Loppi<br>041-546 7573 <br>pursiainen.tuomo (at) windowslive.com<\/td><\/tr><tr><td>MARKUS ORAVA<br>Varapuheenjohtaja<br><\/td><td>Helsinki<br>040-528 7788<br>markus.orava67 (at) gmail.com<\/td><\/tr><tr><td>JARI &#8221;JASU&#8221; JAKONEN<br> Sihteeri ja www-vastaava<br><\/td><td>Mikkeli<br>0440-846 635<br>jakonen.jari(at)gmail.com<\/td><\/tr><tr><td>ANNE KATAJA<br>Rahastonhoitaja<br><\/td><td>Yp\u00e4j\u00e4<br>040-651 7711<br>anlimakataja (at) gmail.com<\/td><\/tr><tr><td>AIMO &#8221;AMI&#8221; HAIKONEN<br>J\u00e4senrekisteri<br><\/td><td>Mikkeli<br>0400-652025<br>amihai (at) windowslive.com<\/td><\/tr><tr><td>JORI NUMMI&nbsp;<br>Tapahtuma- ja ohjelmavastaava<br><\/td><td>Pori<br>0400-528 331<br>jori.nummi72 (at) gmail.com<\/td><\/tr><tr><td>JENNA KAUKINEN<br>J\u00e4senlehti<\/td><td><br>lehti (at) vtcf.net<\/td><\/tr><tr><td>ANNA R\u00c4S\u00c4NEN<br>Turvallisuus ja ensiapu<br><\/td><td>Kokem\u00e4ki<br>040- 527 6222<br>anna.rasanen75 (at) gmail.com<\/td><\/tr><tr><td>HENNA ROUVINEN<br>N\u00e4yttelyt<br><\/td><td>Kellokoski<br>040-588 8654<br>henna.rouvinen (at) gmail.com<\/td><\/tr><tr><td>\n\t\t\t\t\t\t<strong>Avustajat<\/strong><\/td><\/tr><tr><td>  WILLE SIRKI\u00c4<br> Internet ja keskustelupalsta<\/td><td>045-865 4454<br>vaniwille (at) gmail.com<\/td><\/tr><tr><td>JANNE KAUKINEN<br>Mainosmyynti<\/td><td>040-502 9845<br><\/td><\/tr><tr><td>JUHA JOENSUU<br>Mainosmyynti<\/td><td>Pori<br>0440-743 49<\/td><\/tr><tr><td>JANIKA MANTERE<br>Kerhotavaramyynti<\/td><td>040-505 9285<br>janika.mantere(at)gmail.com<\/td><\/tr><\/tbody><\/table><\/figure>\n","protected":false},"excerpt":{"rendered":"<p>Johtokunta 2026 www-sivut ja keskustelupalsta: jari.jakonen (at) mikua.fi, puh.0440-846635 TUOMO PURSIAINEN Puheenjohtaja Loppi041-546 7573 pursiainen.tuomo (at) windowslive.com MARKUS ORAVAVarapuheenjohtaja Helsinki040-528 7788markus.orava67 (at) gmail.com JARI &#8221;JASU&#8221; JAKONEN Sihteeri ja www-vastaava Mikkeli0440-846 635jakonen.jari(at)gmail.com ANNE KATAJARahastonhoitaja Yp\u00e4j\u00e4040-651 7711anlimakataja (at) gmail.com AIMO &#8221;AMI&#8221; HAIKONENJ\u00e4senrekisteri Mikkeli0400-652025amihai (at) windowslive.com JORI NUMMI&nbsp;Tapahtuma- ja ohjelmavastaava Pori0400-528 331jori.nummi72 (at) gmail.com JENNA KAUKINENJ\u00e4senlehti lehti (at) &hellip; <\/p>\n<p class=\"link-more\"><a href=\"https:\/\/vtcf.net\/wordpress\/?page_id=16\" class=\"more-link\">Jatka lukemista<span class=\"screen-reader-text\"> &#8221;Johtokunta 2026&#8221;<\/span><\/a><\/p>\n","protected":false},"author":2,"featured_media":0,"parent":0,"menu_order":0,"comment_status":"closed","ping_status":"closed","template":"","meta":{"footnotes":""},"class_list":["post-16","page","type-page","status-publish","hentry"],"_links":{"self":[{"href":"https:\/\/vtcf.net\/wordpress\/index.php?rest_route=\/wp\/v2\/pages\/16","targetHints":{"allow":["GET"]}}],"collection":[{"href":"https:\/\/vtcf.net\/wordpress\/index.php?rest_route=\/wp\/v2\/pages"}],"about":[{"href":"https:\/\/vtcf.net\/wordpress\/index.php?rest_route=\/wp\/v2\/types\/page"}],"author":[{"embeddable":true,"href":"https:\/\/vtcf.net\/wordpress\/index.php?rest_route=\/wp\/v2\/users\/2"}],"replies":[{"embeddable":true,"href":"https:\/\/vtcf.net\/wordpress\/index.php?rest_route=%2Fwp%2Fv2%2Fcomments&post=16"}],"version-history":[{"count":41,"href":"https:\/\/vtcf.net\/wordpress\/index.php?rest_route=\/wp\/v2\/pages\/16\/revisions"}],"predecessor-version":[{"id":979,"href":"https:\/\/vtcf.net\/wordpress\/index.php?rest_route=\/wp\/v2\/pages\/16\/revisions\/979"}],"wp:attachment":[{"href":"https:\/\/vtcf.net\/wordpress\/index.php?rest_route=%2Fwp%2Fv2%2Fmedia&parent=16"}],"curies":[{"name":"wp","href":"https:\/\/api.w.org\/{rel}","templated":true}]}}