{"id":26,"date":"2019-12-08T13:19:43","date_gmt":"2019-12-08T13:19:43","guid":{"rendered":"https:\/\/vtcf.net\/wordpress\/?page_id=26"},"modified":"2026-02-08T14:39:22","modified_gmt":"2026-02-08T12:39:22","slug":"kuvagalleria","status":"publish","type":"page","link":"https:\/\/vtcf.net\/wordpress\/?page_id=26","title":{"rendered":"Kuvagalleria"},"content":{"rendered":"\n<p><strong>2024<\/strong><\/p>\n\n\n\n<p><a href=\"http:\/\/vtcf.net\/Uuvet\/MSM2024\/\" target=\"_blank\" rel=\"noreferrer noopener\">40th anniversary Midnight Sun Meet 2024<\/a><\/p>\n\n\n\n<p><strong>2023<\/strong><\/p>\n\n\n\n<p><a href=\"https:\/\/vtcf.net\/NVN2023\/\" target=\"_blank\" rel=\"noreferrer noopener\">Nordic Van Nationals, Magnor, Norja<\/a><\/p>\n\n\n\n<p><a href=\"http:\/\/vtcf.net\/MidnightSunMeet2023\/\" target=\"_blank\" rel=\"noreferrer noopener\">Midnight Sun Meet 2023, Kuohijoki <\/a><\/p>\n\n\n\n<p><strong>2022<\/strong><\/p>\n\n\n\n<ul class=\"wp-block-list\">\n<li><a rel=\"noreferrer noopener\" href=\"http:\/\/vtcf.net\/MidnightSunMeet2022\" target=\"_blank\">Midnight Sun Meet 2022, Padasjoen Palotarus<\/a> <\/li>\n\n\n\n<li><a rel=\"noreferrer noopener\" href=\"http:\/\/vtcf.net\/NordicVanNationals2022\" data-type=\"URL\" data-id=\"vtcf.net\/NordicVanNationals2022\" target=\"_blank\">Nordic Van Nationals 2022, Sokka Puhkekeskus, Otep\u00e4\u00e4 Viro<\/a><\/li>\n<\/ul>\n\n\n\n<p><strong>2021<\/strong><\/p>\n\n\n\n<p><\/p>\n\n\n\n<p><strong>2020<\/strong><\/p>\n\n\n\n<ul class=\"wp-block-list\">\n<li><a rel=\"noreferrer noopener\" href=\"https:\/\/kuvakapu.kuvat.fi\/kuvat\/Aura+Van+Meet+2020\/\" target=\"_blank\">Archipelago Meet 20 vuotta. <\/a> Kuvia Kari Lehtosen kameroista<\/li>\n\n\n\n<li><a rel=\"noreferrer noopener\" href=\"https:\/\/kuvakapu.kuvat.fi\/kuvat\/Manse+Van+Meet+2020\/\" target=\"_blank\">Manse Vans Weekend<\/a> Kuvia Kari Lehtosen kameroista<\/li>\n<\/ul>\n\n\n\n<p><strong>2019<\/strong><\/p>\n\n\n\n<ul class=\"wp-block-list\">\n<li><a rel=\"noreferrer noopener\" aria-label=\"2nd Eastern Meet Mikkeli, (avautuu uudessa v\u00e4lilehdess\u00e4)\" href=\"https:\/\/vtcf.net\/eastern2\/\" target=\"_blank\">2nd Eastern Meet Mikkeli,<\/a> L\u00f6yd\u00f6n Kartano<\/li>\n\n\n\n<li><a rel=\"noreferrer noopener\" aria-label=\"Nordic Van Nationals 2019 Hovim\u00e4ki (avautuu uudessa v\u00e4lilehdess\u00e4)\" href=\"https:\/\/vtcf.net\/mns2019\/\" target=\"_blank\">Nordic Van Nationals 2019 Hovim\u00e4ki<\/a> Camping, Somero<\/li>\n\n\n\n<li><a href=\"https:\/\/vtcf.net\/Avc_2019\/\" target=\"_blank\" rel=\"noreferrer noopener\" aria-label=\"Aura Van Meet 2019 (avautuu uudessa v\u00e4lilehdess\u00e4)\">Aura Van Meet 2019<\/a><\/li>\n<\/ul>\n\n\n\n<p><strong>2018<\/strong><\/p>\n\n\n\n<ul class=\"wp-block-list\">\n<li><a rel=\"noreferrer noopener\" aria-label=\"Midnight Sun Meet 2018 Joutsa (avautuu uudessa v\u00e4lilehdess\u00e4)\" href=\"https:\/\/vtcf.net\/midnightsun2018\/\" target=\"_blank\">Midnight Sun Meet 2018 Joutsa<\/a><\/li>\n\n\n\n<li><a rel=\"noreferrer noopener\" aria-label=\"Midnight Sun Meet 2018 Arin kamerasta (avautuu uudessa v\u00e4lilehdess\u00e4)\" href=\"https:\/\/vtcf.net\/Midnightsunmee2018\/\" target=\"_blank\">Midnight Sun Meet 2018 Arin kamerasta<\/a><\/li>\n\n\n\n<li><a href=\"https:\/\/vtcf.net\/Syysmiitti18\/\" target=\"_blank\" rel=\"noreferrer noopener\" aria-label=\"Syysmeeting Salusj\u00e4rv (avautuu uudessa v\u00e4lilehdess\u00e4)\">Syysmeeting Salusj\u00e4rv<\/a>i, Orimattila<\/li>\n<\/ul>\n\n\n\n<p><strong>2017<\/strong><\/p>\n\n\n\n<ul class=\"wp-block-list\">\n<li><a rel=\"noreferrer noopener\" aria-label=\"\u00c4rreet Kinkerit 10 (avautuu uudessa v\u00e4lilehdess\u00e4)\" href=\"http:\/\/vtcf.net\/arreetfinal\/\" target=\"_blank\">\u00c4rreet Kinkerit 10<\/a>. Heimari, Mikkeli<\/li>\n\n\n\n<li><a rel=\"noreferrer noopener\" aria-label=\"Ihap Meet 3, Urjala (avautuu uudessa v\u00e4lilehdess\u00e4)\" href=\"https:\/\/vtcf.net\/IHAP%202017\/\" target=\"_blank\">Ihap Meet 3, Urjala<\/a><\/li>\n\n\n\n<li><a href=\"https:\/\/vtcf.net\/Kuuvans2017\/\" target=\"_blank\" rel=\"noreferrer noopener\" aria-label=\"Kuuvans Meet, Ohkola (avautuu uudessa v\u00e4lilehdess\u00e4)\">Kuuvans Meet, Ohkola<\/a><\/li>\n\n\n\n<li><a rel=\"noreferrer noopener\" aria-label=\"Syysmeeting Salusj\u00e4rvi (avautuu uudessa v\u00e4lilehdess\u00e4)\" href=\"https:\/\/vtcf.net\/Syysmiitti2017\/\" target=\"_blank\">Syysmeeting Salusj\u00e4rvi<\/a>, Orimattila<\/li>\n<\/ul>\n\n\n\n<p><strong>2016<\/strong><\/p>\n\n\n\n<ul class=\"wp-block-list\">\n<li><a href=\"https:\/\/vtcf.net\/arreet2016\/\" target=\"_blank\" rel=\"noreferrer noopener\" aria-label=\"\u00c4rreet Kinkerit 2016 (avautuu uudessa v\u00e4lilehdess\u00e4)\">\u00c4rreet Kinkerit 2016<\/a> <\/li>\n<\/ul>\n\n\n\n<p><\/p>\n\n\n\n<p><strong>2015<\/strong><\/p>\n\n\n\n<ul class=\"wp-block-list\">\n<li> <a rel=\"noreferrer noopener\" target=\"_blank\" href=\"http:\/\/vtcf.net\/syys2015\/\">11.-13.9.  Syysmeeting, <\/a>Antin Juhlatalo, Asikkala<\/li>\n\n\n\n<li>  <a rel=\"noreferrer noopener\" target=\"_blank\" href=\"http:\/\/vtcf.net\/hupimaki\/\">14.-16.8.  Korpimeet 2015<\/a><\/li>\n\n\n\n<li><a rel=\"noreferrer noopener\" aria-label=\"Kuuvans meet Ohkola 2015 (avautuu uudessa v\u00e4lilehdess\u00e4)\" href=\"https:\/\/vtcf.net\/kuu2015\/index.html\" target=\"_blank\">Kuuvans meet Ohkola 2015<\/a><\/li>\n\n\n\n<li>  <a rel=\"noreferrer noopener\" target=\"_blank\" href=\"http:\/\/www.vtcf.net\/NVN_2015\">23.-25.7. Midnight Sun Meet, Padasjoki<\/a>  Hasan kamerasta<\/li>\n\n\n\n<li>  <a rel=\"noreferrer noopener\" target=\"_blank\" href=\"http:\/\/www.vtcf.net\/Mid2015\">23.-25.7. Nordic Van Nationals ja Midnight Sun Meet, Padasjoki<\/a><\/li>\n\n\n\n<li>  <a rel=\"noreferrer noopener\" target=\"_blank\" href=\"http:\/\/netan.kuvat.fi\/kuvat\/VTCF\/\"> 17.-19.7. Aura Van Meet<\/a> kuvat l\u00f6ytyy Netan kuvablogista<\/li>\n\n\n\n<li>  <a rel=\"noreferrer noopener\" target=\"_blank\" href=\"http:\/\/www.vtcf.net\/Helmi\/\">10.-12.7.  Helmimeet, Pudasj\u00e4rvi<\/a><\/li>\n\n\n\n<li>  <a rel=\"noreferrer noopener\" target=\"_blank\" href=\"http:\/\/www.vtcf.net\/Manse%202015\/\"> 3.-5.7. Manse Vans Weekend, Peltom\u00e4ki Camping<\/a><\/li>\n\n\n\n<li>  <a rel=\"noreferrer noopener\" target=\"_blank\" href=\"http:\/\/www.vtcf.net\/manse2015\">3.-5.7.  Manse Vans Weekend, Peltom\u00e4ki Camping<\/a> Lis\u00e4\u00e4 kuvia<\/li>\n\n\n\n<li>  <a rel=\"noreferrer noopener\" target=\"_blank\" href=\"http:\/\/www.vtcf.net\/ihap\/\">12.-14.6.  Eka Ihap Meet, Artj\u00e4rven maamiesseurantalo<\/a><\/li>\n\n\n\n<li>  <a rel=\"noreferrer noopener\" target=\"_blank\" href=\"http:\/\/www.vtcf.net\/VAiNhajyyt\/\"> 22.-24.5. IX Pohjanmaameeting<\/a>,  <\/li>\n<\/ul>\n\n\n\n<p><strong>2014<\/strong><\/p>\n\n\n\n<ul class=\"wp-block-list\">\n<li><strong> <\/strong> <a rel=\"noreferrer noopener\" href=\"http:\/\/www.vtcf.net\/Lahti14\/\" target=\"_blank\">4.-5.10. Lahden Jenkkiauton\u00e4yttely<\/a><\/li>\n\n\n\n<li>  <a rel=\"noreferrer noopener\" href=\"http:\/\/vtcf.net\/rieveli14\/\" target=\"_blank\">5.-7.9. Syysmeeting, Rievelinmutka<\/a><\/li>\n\n\n\n<li> <a rel=\"noreferrer noopener\" href=\"http:\/\/www.vtcf.net\/vaasa14\/\" target=\"_blank\"> 29.-31.8. Top Camp meet, Vaasa<\/a><\/li>\n\n\n\n<li>  <a rel=\"noreferrer noopener\" href=\"http:\/\/www.vtcf.net\/kuuvans2014\/\" target=\"_blank\">15.-17.8. Kuu Vans Meet, Leiriniemi, Ohkola<\/a><\/li>\n\n\n\n<li>  <a rel=\"noreferrer noopener\" href=\"https:\/\/www.vtcf.net\/AVC2014\/\" target=\"_blank\">1.-3.8  1st Karjumeet, Narvilinna, Lokalahti, AVC ry.<\/a><\/li>\n\n\n\n<li>  <a rel=\"noreferrer noopener\" href=\"https:\/\/www.vtcf.net\/manse2014\/\" target=\"_blank\">6.-8.7 Mansevans Weekend, Kylm\u00e4koski<\/a><\/li>\n\n\n\n<li>  <a href=\"https:\/\/www.vtcf.net\/tre2014\/\" target=\"_blank\" rel=\"noreferrer noopener\">26.-27.4. Hotrod&amp;Rock Show Tampere<\/a><\/li>\n<\/ul>\n\n\n\n<p><strong>2013<\/strong><\/p>\n\n\n\n<ul class=\"wp-block-list\">\n<li> <a href=\"http:\/\/www.vtcf.net\/Vaasa13\/\" target=\"_blank\" rel=\"noreferrer noopener\"> 30.8.-1.9. Vaasan Miittinki, Vaasa<\/a><\/li>\n\n\n\n<li>  <a href=\"http:\/\/www.vtcf.net\/Manse2013\/\" target=\"_blank\" rel=\"noreferrer noopener\"> 5.-7.7. Manse Vans Weekend<\/a> Kari Lehtosen kamerasta<\/li>\n\n\n\n<li>  <a href=\"http:\/\/www.vtcf.net\/arreet2013\/\" target=\"_blank\" rel=\"noreferrer noopener\"> 7.-9.6. \u00c4rreet Kinkerit VI, L\u00f6yd\u00f6n Kartano, Ristiina<\/a><\/li>\n\n\n\n<li>  <a href=\"http:\/\/www.vtcf.net\/halla\/\" target=\"_blank\" rel=\"noreferrer noopener\">15.-17.3.  Hallameet Hyrynsalmi<\/a><\/li>\n<\/ul>\n\n\n\n<p><strong>2012<\/strong><\/p>\n\n\n\n<ul class=\"wp-block-list\">\n<li><a rel=\"noreferrer noopener\" target=\"_blank\" href=\"http:\/\/www.vtcf.net\/kuuvans2012\/\">10.-12.8. Kuuvans Meet,<\/a> Leiriniemi Ohkola<\/li>\n\n\n\n<li><a href=\"http:\/\/www.vtcf.net\/Loviisa2012\/\" target=\"_blank\" rel=\"noreferrer noopener\">19.-22.7. 1st Nordic Van Nationals 2012<\/a> Kari  Lehtosen kuvat Loviisasta! <\/li>\n\n\n\n<li><a href=\"http:\/\/www.vtcf.net\/West\/\" target=\"_blank\" rel=\"noreferrer noopener\">22.-24.6. West:n Juhannus, Pitk\u00e4j\u00e4rvi, Kokem\u00e4ki<\/a><\/li>\n\n\n\n<li><a href=\"http:\/\/www.vtcf.net\/Arreet2012\/\" target=\"_blank\" rel=\"noreferrer noopener\">8.-10.6. \u00c4rreet Kinkerit V, L\u00f6yd\u00f6n Camping, Ristiina<\/a><\/li>\n\n\n\n<li><a href=\"http:\/\/www.vtcf.net\/Arreet2012\/juttu.jpg\" target=\"_blank\" rel=\"noreferrer noopener\">Lehtijuttu \u00c4rreist\u00e4 Kinkereist\u00e4<\/a> Etel\u00e4-Savon Erikoissanomissa<\/li>\n\n\n\n<li><a href=\"http:\/\/www.vtcf.net\/kevatkokous\/\" target=\"_blank\" rel=\"noreferrer noopener\">Kev\u00e4tkokous Tampere<\/a><\/li>\n<\/ul>\n\n\n\n<p><strong>2011<\/strong><\/p>\n\n\n\n<ul class=\"wp-block-list\">\n<li> <a rel=\"noreferrer noopener\" target=\"_blank\" href=\"http:\/\/www.vtcf.net\/Kuumeet2011\/\">Kuu  Vans Meet<\/a> <\/li>\n\n\n\n<li> <a rel=\"noreferrer noopener\" target=\"_blank\" href=\"http:\/\/www.vtcf.net\/midvanners\/\">Mid Vanners Kangasniemi<\/a><\/li>\n\n\n\n<li> <a rel=\"noreferrer noopener\" target=\"_blank\" href=\"http:\/\/www.vtcf.net\/images\/Somero\/\">Midnight Sun Meeting Somer<\/a><\/li>\n\n\n\n<li> <a rel=\"noreferrer noopener\" target=\"_blank\" href=\"http:\/\/www.vtcf.net\/images\/Manse2011\/\"> Manse Vans Weekend<\/a><\/li>\n\n\n\n<li> <a rel=\"noreferrer noopener\" target=\"_blank\" href=\"http:\/\/www.vtcf.net\/juhannus11\/\">Juhannus Meet Hankasalmella<\/a><\/li>\n\n\n\n<li> <a href=\"http:\/\/www.vtcf.net\/arreet2011\/\" target=\"_blank\" rel=\"noreferrer noopener\"> \u00c4rreet Kinkerit 2011, Motomajat, Virtasalmi<\/a><\/li>\n\n\n\n<li> <a href=\"http:\/\/www.vtcf.net\/arreet20112\/\" target=\"_blank\" rel=\"noreferrer noopener\"> \u00c4rreet Kinkerit 2011, Motomajat, Virtasalmi osa 2<\/a><\/li>\n\n\n\n<li>  <a rel=\"noreferrer noopener\" target=\"_blank\" href=\"http:\/\/www.vtcf.net\/Tallinn2011\/index.html\">Tallinnan Kev\u00e4tretki 2011<\/a><\/li>\n<\/ul>\n\n\n\n<p><strong>2010<\/strong><\/p>\n\n\n\n<p><\/p>\n\n\n\n<ul class=\"wp-block-list\">\n<li><a rel=\"noreferrer noopener\" target=\"_blank\" href=\"https:\/\/vtcf.net\/images\/kuu3meet\/index.html\">Kuu 3 meet, Rusutj\u00e4rvi<\/a>   <\/li>\n\n\n\n<li><a href=\"https:\/\/vtcf.net\/images\/mid2010\/index.html\">Midnight Sun Meet 2010 15.-18.7.  Pitk\u00e4j\u00e4rven vapaa-ajankeskus Kokem\u00e4ki<\/a><\/li>\n\n\n\n<li><a href=\"https:\/\/vtcf.net\/images\/anttola\/index.html\">\u00c4rreet Kinkerit 12.-13.6<\/a><\/li>\n\n\n\n<li>T<a rel=\"noreferrer noopener\" href=\"https:\/\/vtcf.net\/images\/Tallinna2010\/index.html\" target=\"_blank\">allinnan Kev\u00e4tretki 2010<\/a><\/li>\n\n\n\n<li><a href=\"http:\/\/www.vtcf.net\/images\/jamimeet2010\/\">Winter Van Run 2010<\/a> J\u00e4mi <\/li>\n<\/ul>\n\n\n\n<p><\/p>\n\n\n\n<p><strong>2009<\/strong><\/p>\n\n\n\n<ul class=\"wp-block-list\">\n<li><a rel=\"noreferrer noopener\" aria-label=\" (avautuu uudessa v\u00e4lilehdess\u00e4)\" href=\"https:\/\/www.vtcf.net\/vtcfpikj09\" target=\"_blank\">Syyskokous ja pikkujoulut 21.11.2009 Vantaa<\/a><\/li>\n\n\n\n<li><a rel=\"noreferrer noopener\" href=\"https:\/\/www.vtcf.net\/topcamp09\/\" target=\"_blank\">Top Camp Meet 2009, Vaasa<\/a><\/li>\n\n\n\n<li><a href=\"http:\/\/vtcf.net\/loviisa09\/\" target=\"_blank\" rel=\"noreferrer noopener\">Midnight Sun Meet 2009, Loviisa<\/a><\/li>\n\n\n\n<li><a href=\"http:\/\/vtcf.net\/manse09\/\" target=\"_blank\" rel=\"noreferrer noopener\">Manse Vans Weekend 2009<\/a><\/li>\n\n\n\n<li><a rel=\"noreferrer noopener\" aria-label=\" (avautuu uudessa v\u00e4lilehdess\u00e4)\" href=\"https:\/\/www.vtcf.net\/juhannus09\/\" target=\"_blank\">Juhannus Kokem\u00e4ell\u00e4 West Vanners<\/a><\/li>\n\n\n\n<li><a rel=\"noreferrer noopener\" href=\"http:\/\/vtcf.net\/antto09\/\" target=\"_blank\">\u00c4rreet Kinkerit Anttola, Lakeistenranta 12.-14.6<\/a><\/li>\n\n\n\n<li><a rel=\"noreferrer noopener\" href=\"http:\/\/vtcf.net\/hailuoto\/\" target=\"_blank\">Hailuoto Miittinki 5.-7.6.<\/a><\/li>\n\n\n\n<li><a rel=\"noreferrer noopener\" href=\"http:\/\/vtcf.net\/tallinna09\/\" target=\"_blank\">Tallinnan Kev\u00e4tretki 17.-19.4.<\/a><\/li>\n\n\n\n<li><a rel=\"noreferrer noopener\" href=\"http:\/\/vtcf.net\/harjavalta\/\" target=\"_blank\">Winter Van Run, Hotelli Hiitteenharju, Harjavalta 20.-22.2.<\/a><\/li>\n<\/ul>\n\n\n\n<p><strong>2008<\/strong><\/p>\n\n\n\n<ul class=\"wp-block-list\">\n<li> <a href=\"http:\/\/vtcf.net\/joulut08\/\" target=\"_blank\" rel=\"noreferrer noopener\"> Syyskokous ja Pikkujoulut Laukaalla 22.11.<\/a><\/li>\n\n\n\n<li> <a href=\"http:\/\/vtcf.net\/hamekoski\/\" target=\"_blank\" rel=\"noreferrer noopener\"> H\u00e4meenkosken syysmeeting 12.-13.9<\/a><\/li>\n\n\n\n<li> <a href=\"http:\/\/vtcf.net\/somerokari\/\" target=\"_blank\" rel=\"noreferrer noopener\"> Midnight Sun Meet 17.-20.7.2008, Somero<\/a> <\/li>\n\n\n\n<li> <a href=\"http:\/\/vtcf.net\/midnight08\/\" target=\"_blank\" rel=\"noreferrer noopener\"> Midnight Sun Meet 17.-20.7.2008, Somero<\/a><\/li>\n\n\n\n<li> <a href=\"http:\/\/vtcf.net\/Dokka08\/index.html\" target=\"_blank\" rel=\"noreferrer noopener\"> Dokka Treffet 30.5.-1.6., Norja<\/a><\/li>\n\n\n\n<li> <a href=\"http:\/\/vtcf.net\/jussi0802\/\" target=\"_blank\" rel=\"noreferrer noopener\"> Lis\u00e4\u00e4 Juhannuskuvia<\/a><\/li>\n\n\n\n<li> <a rel=\"noreferrer noopener\" aria-label=\" (avautuu uudessa v\u00e4lilehdess\u00e4)\" href=\"https:\/\/www.vtcf.net\/VTCF_juhannus_08\/\" target=\"_blank\"> VTCF Juhannus Noormarkku, Toikanderin takapiha<\/a><\/li>\n\n\n\n<li> <a href=\"http:\/\/vtcf.net\/jussi08\/\" target=\"_blank\" rel=\"noreferrer noopener\"> Juhannus Hankasalmella 2008<\/a><\/li>\n\n\n\n<li> <a href=\"http:\/\/vtcf.net\/Reposaari\/\" target=\"_blank\" rel=\"noreferrer noopener\"> West Vanners Reposaari Meeting 13. -15.6.2008<\/a><\/li>\n\n\n\n<li> <a href=\"http:\/\/vtcf.net\/savol\/\" target=\"_blank\" rel=\"noreferrer noopener\"> \u00c4rreet Kinkerit 16.-18.5.<\/a><\/li>\n\n\n\n<li> <a href=\"http:\/\/vtcf.net\/tre08\/\" target=\"_blank\" rel=\"noreferrer noopener\"> Tampereen n\u00e4yttely 26.4.<\/a><\/li>\n\n\n\n<li> <a href=\"http:\/\/vtcf.net\/tallinn08\" target=\"_blank\" rel=\"noreferrer noopener\"> Tallinnan Kev\u00e4tretki 18.4.-20.4.<\/a><\/li>\n\n\n\n<li> <a rel=\"noreferrer noopener\" aria-label=\" (avautuu uudessa v\u00e4lilehdess\u00e4)\" href=\"https:\/\/www.vtcf.net\/jami08\/\" target=\"_blank\"> J\u00e4mi Winter Van Run 2008 1.-3.2.<\/a><\/li>\n<\/ul>\n\n\n\n<p><strong>2007<\/strong><\/p>\n\n\n\n<ul class=\"wp-block-list\">\n<li><a href=\"https:\/\/vtcf.net\/pikkujoulut08\/\" target=\"_blank\" rel=\"noreferrer noopener\">Syyskokous ja Pikkujoulut Ellivuoressa<\/a><\/li>\n\n\n\n<li><a rel=\"noreferrer noopener\" href=\"https:\/\/www.vtcf.net\/Tallinna07\/\" target=\"_blank\">Tallinnan Kev\u00e4tretki 13.-15.4.2007<\/a><\/li>\n<\/ul>\n\n\n\n<p><strong>2006<\/strong><\/p>\n\n\n\n<ul class=\"wp-block-list\">\n<li>  <a rel=\"noreferrer noopener\" href=\"https:\/\/vtcf.net\/tallin06\/\" target=\"_blank\"> Tallinnan matka 24.-26.03.2006<\/a><\/li>\n\n\n\n<li> <a rel=\"noreferrer noopener\" href=\"https:\/\/vtcf.net\/tre\" target=\"_blank\"> Tampereen Drag&amp;Rock Show 7.-9.4.2006<\/a><\/li>\n\n\n\n<li> <a rel=\"noreferrer noopener\" href=\"http:\/\/www.vtcf.net\/jussi06\/\" target=\"_blank\"> Juhannus 2006 Naantalin Kuparonvirta<\/a><\/li>\n\n\n\n<li> <a rel=\"noreferrer noopener\" href=\"http:\/\/www.vtcf.net\/poyl2006\/\" target=\"_blank\"> Midnight Sun Meet 2006 20.-23.7.2006, P\u00f6ylinniemen Lomakeskus,  Pertunmaa<\/a><\/li>\n\n\n\n<li> <a href=\"http:\/\/www.teoriakoe.net\/jasse\/mid20063\/\"> <\/a><a rel=\"noreferrer noopener\" href=\"http:\/\/www.vtcf.net\/mid20063\/\" target=\"_blank\">Lis\u00e4\u00e4 p\u00e4\u00e4meeting kuvia, Tumpin ottamia<\/a><\/li>\n\n\n\n<li> <a rel=\"noreferrer noopener\" href=\"http:\/\/www.vtcf.net\/poyli062\" target=\"_blank\"> Lis\u00e4\u00e4 kuvia Midnight Sun Meet 2006, kuvattu Kari Lehtosen  toimesta<\/a><\/li>\n\n\n\n<li> <a rel=\"noreferrer noopener\" href=\"http:\/\/www.vtcf.net\/MELLERUD\/\" target=\"_blank\"> Riverside Vans &amp; Trucks 10 years ja W\u00e4rmlands Vans &amp; Trucks 25  years yhteisjuhlameeting<\/a><\/li>\n\n\n\n<li><a rel=\"noreferrer noopener\" href=\"https:\/\/www.vtcf.net\/vaasa\/\" target=\"_blank\">Top Camp Meet, Vaasa 25.-27.8.2006<\/a><\/li>\n\n\n\n<li><a rel=\"noreferrer noopener\" href=\"http:\/\/www.vtcf.net\/hkoski06\/\" target=\"_blank\">H\u00e4meenkosken Syysmeeting 1.-3.9.2006 osa yksi<\/a><\/li>\n\n\n\n<li><a rel=\"noreferrer noopener\" href=\"http:\/\/vtcf.net\/pikkuj06\/\" target=\"_blank\">Pikkujoulut Lahdessa 18.11.2006 <\/a><\/li>\n\n\n\n<li><a rel=\"noreferrer noopener\" href=\"http:\/\/www.vtcf.net\/risto\/\" target=\"_blank\">Vanivaltiop\u00e4iv\u00e4t Karlstadissa 2.12.2006<\/a><\/li>\n<\/ul>\n\n\n\n<p><strong>2005<\/strong><\/p>\n\n\n\n<ul class=\"wp-block-list\">\n<li> <a rel=\"noreferrer noopener\" href=\"http:\/\/www.vtcf.net\/tallinna\/\" target=\"_blank\"> Tallinna 8.-10.4.200<\/a><\/li>\n\n\n\n<li> <a rel=\"noreferrer noopener\" href=\"http:\/\/www.vtcf.net\/pori05\/\" target=\"_blank\"> West Meet 2005, Pori Reposaari, 10.-12.6.2005<\/a><\/li>\n\n\n\n<li> <a rel=\"noreferrer noopener\" href=\"http:\/\/www.vtcf.net\/jussi5\/\" target=\"_blank\"> Juhannus 2005 Hankasalmi UUSI! Lis\u00e4tty 26.7.05<\/a><\/li>\n\n\n\n<li> <a rel=\"noreferrer noopener\" href=\"http:\/\/www.vtcf.net\/manse\/\" target=\"_blank\"> Manse Vans Weekend 1.-3.7.<\/a><\/li>\n\n\n\n<li> <a rel=\"noreferrer noopener\" href=\"http:\/\/www.vtcf.net\/mid2005t\/\" target=\"_blank\"> Midnight Sun Meet torstai 21.7.2005 P\u00f6ylinniemi, Pertunmaa<\/a><\/li>\n\n\n\n<li> <a rel=\"noreferrer noopener\" href=\"http:\/\/www.vtcf.net\/midpela\/\" target=\"_blank\"> Midnight Sun Meet perjantai ja lauantai<\/a><\/li>\n\n\n\n<li> <a rel=\"noreferrer noopener\" href=\"http:\/\/www.vtcf.net\/mid0502\/\" target=\"_blank\"> Midnight Sun Meet 2005 syntt\u00e4risankari Pexin kamerasta <\/a><\/li>\n\n\n\n<li> <a rel=\"noreferrer noopener\" href=\"http:\/\/www.vtcf.net\/mid0503\/\" target=\"_blank\"> Lis\u00e4\u00e4 Midnight Sun Meet 2005, t\u00e4ll\u00e4 kertaa Eija Spetsin  kamerasta<\/a><\/li>\n\n\n\n<li> <a rel=\"noreferrer noopener\" href=\"http:\/\/www.vtcf.net\/bone05\/\" target=\"_blank\"> Bonehill 2005 Luum\u00e4ki by Mika Salo<\/a><strong> <\/strong><\/li>\n\n\n\n<li> <a rel=\"noreferrer noopener\" href=\"http:\/\/www.vtcf.net\/bonepex\/\" target=\"_blank\"> Bonehill 2005 Luum\u00e4ki by Pex<\/a><\/li>\n\n\n\n<li> <a rel=\"noreferrer noopener\" href=\"http:\/\/www.vtcf.net\/koski05\/\" target=\"_blank\"> H\u00e4meenkosken Syysmeeting 2.-4.9.2005<\/a><\/li>\n\n\n\n<li> <a rel=\"noreferrer noopener\" href=\"http:\/\/www.vtcf.net\/haaps05\/\" target=\"_blank\"> Vaniporukka retkell\u00e4 auton\u00e4yttelyss\u00e4 Viron Haapsalussa 2005<\/a><\/li>\n\n\n\n<li> <a rel=\"noreferrer noopener\" href=\"http:\/\/www.vtcf.net\/VTCF\/\" target=\"_blank\"> Pikkujoulut 19.11.2005 M\u00e4ntymotellissa<\/a><\/li>\n<\/ul>\n\n\n\n<p><strong>2004<\/strong><\/p>\n\n\n\n<ul class=\"wp-block-list\">\n<li> <a rel=\"noreferrer noopener\" href=\"http:\/\/www.vtcf.net\/somero\/\" target=\"_blank\"> Midnight Sun Meet 2004, 20th anniversary, Somero<\/a> <\/li>\n<\/ul>\n\n\n\n<p><strong>1999<\/strong><\/p>\n\n\n\n<ul class=\"wp-block-list\">\n<li> <a href=\"http:\/\/www.vtcf.net\/Mid1999\/\" target=\"_blank\" rel=\"noreferrer noopener\" aria-label=\" (avautuu uudessa v\u00e4lilehdess\u00e4)\">Midnight Sun Meet 1999 <\/a><\/li>\n<\/ul>\n\n\n\n<p><\/p>\n","protected":false},"excerpt":{"rendered":"<p>2024 40th anniversary Midnight Sun Meet 2024 2023 Nordic Van Nationals, Magnor, Norja Midnight Sun Meet 2023, Kuohijoki 2022 2021 2020 2019 2018 2017 2016 2015 2014 2013 2012 2011 2010 2009 2008 2007 2006 2005 2004 1999<\/p>\n","protected":false},"author":2,"featured_media":0,"parent":0,"menu_order":0,"comment_status":"closed","ping_status":"closed","template":"","meta":{"footnotes":""},"class_list":["post-26","page","type-page","status-publish","hentry"],"_links":{"self":[{"href":"https:\/\/vtcf.net\/wordpress\/index.php?rest_route=\/wp\/v2\/pages\/26","targetHints":{"allow":["GET"]}}],"collection":[{"href":"https:\/\/vtcf.net\/wordpress\/index.php?rest_route=\/wp\/v2\/pages"}],"about":[{"href":"https:\/\/vtcf.net\/wordpress\/index.php?rest_route=\/wp\/v2\/types\/page"}],"author":[{"embeddable":true,"href":"https:\/\/vtcf.net\/wordpress\/index.php?rest_route=\/wp\/v2\/users\/2"}],"replies":[{"embeddable":true,"href":"https:\/\/vtcf.net\/wordpress\/index.php?rest_route=%2Fwp%2Fv2%2Fcomments&post=26"}],"version-history":[{"count":87,"href":"https:\/\/vtcf.net\/wordpress\/index.php?rest_route=\/wp\/v2\/pages\/26\/revisions"}],"predecessor-version":[{"id":990,"href":"https:\/\/vtcf.net\/wordpress\/index.php?rest_route=\/wp\/v2\/pages\/26\/revisions\/990"}],"wp:attachment":[{"href":"https:\/\/vtcf.net\/wordpress\/index.php?rest_route=%2Fwp%2Fv2%2Fmedia&parent=26"}],"curies":[{"name":"wp","href":"https:\/\/api.w.org\/{rel}","templated":true}]}}