{"id":34,"date":"2019-12-08T13:49:03","date_gmt":"2019-12-08T13:49:03","guid":{"rendered":"https:\/\/vtcf.net\/wordpress\/?page_id=34"},"modified":"2025-03-27T21:29:39","modified_gmt":"2025-03-27T19:29:39","slug":"jasenhakemus-vtcf-ryn-jaseneksi-liittymismaksu-20e-jasenmaksu-30e-vuosi","status":"publish","type":"page","link":"https:\/\/vtcf.net\/wordpress\/?page_id=34","title":{"rendered":"J\u00e4senhakemus"},"content":{"rendered":"\n<p>Liittymismaksu 20\u20ac, j\u00e4senmaksu 35\u20ac ja perhej\u00e4senmaksu 10\u20ac\/vuosi. HUOM! FHRA:n j\u00e4senkerhon j\u00e4senen\u00e4 olet oikeutettu FHRA:n j\u00e4senetuihin! Lis\u00e4tietoja FHRA:n j\u00e4senhakemuksesta FHRA:n sivuilta.<\/p>\n\n\n<div class=\"wpforms-container wpforms-container-full wpforms-block wpforms-block-4643b3ba-ee3f-4cf9-82d5-2aa35dd4fff2\" id=\"wpforms-38\"><form id=\"wpforms-form-38\" class=\"wpforms-validate wpforms-form\" data-formid=\"38\" method=\"post\" enctype=\"multipart\/form-data\" action=\"\/wordpress\/index.php?rest_route=%2Fwp%2Fv2%2Fpages%2F34\" data-token=\"09c920bde81045de2da1ba331fc3b7e1\" data-token-time=\"1776608181\"><noscript class=\"wpforms-error-noscript\">Please enable JavaScript in your browser to complete this form.<\/noscript><div class=\"wpforms-field-container\"><div id=\"wpforms-38-field_0-container\" class=\"wpforms-field wpforms-field-name\" data-field-id=\"0\"><label class=\"wpforms-field-label\" for=\"wpforms-38-field_0\">Nimesi <span class=\"wpforms-required-label\">*<\/span><\/label><input type=\"text\" id=\"wpforms-38-field_0\" class=\"wpforms-field-medium wpforms-field-required\" name=\"wpforms[fields][0]\" required><div class=\"wpforms-field-description\">Etu- ja sukunimi<\/div><\/div><div id=\"wpforms-38-field_9-container\" class=\"wpforms-field wpforms-field-text\" data-field-id=\"9\"><label class=\"wpforms-field-label\" for=\"wpforms-38-field_9\">Syntym\u00e4aikasi<\/label><input type=\"text\" id=\"wpforms-38-field_9\" class=\"wpforms-field-medium\" name=\"wpforms[fields][9]\" ><div class=\"wpforms-field-description\">pp.kk.vvvv<\/div><\/div><div id=\"wpforms-38-field_1-container\" class=\"wpforms-field wpforms-field-email\" data-field-id=\"1\"><label class=\"wpforms-field-label\" for=\"wpforms-38-field_1\">S\u00e4hk\u00f6postiosoite <span class=\"wpforms-required-label\">*<\/span><\/label><input type=\"email\" id=\"wpforms-38-field_1\" class=\"wpforms-field-medium wpforms-field-required\" name=\"wpforms[fields][1]\" spellcheck=\"false\" required><\/div><div id=\"wpforms-38-field_3-container\" class=\"wpforms-field wpforms-field-text\" data-field-id=\"3\"><label class=\"wpforms-field-label\" for=\"wpforms-38-field_3\">Puhelinnumero <span class=\"wpforms-required-label\">*<\/span><\/label><input type=\"text\" id=\"wpforms-38-field_3\" class=\"wpforms-field-medium wpforms-field-required\" name=\"wpforms[fields][3]\" required><\/div><div id=\"wpforms-38-field_2-container\" class=\"wpforms-field wpforms-field-text\" data-field-id=\"2\"><label class=\"wpforms-field-label\" for=\"wpforms-38-field_2\">Osoite <span class=\"wpforms-required-label\">*<\/span><\/label><input type=\"text\" id=\"wpforms-38-field_2\" class=\"wpforms-field-medium wpforms-field-required\" name=\"wpforms[fields][2]\" required><div class=\"wpforms-field-description\">Osoite<\/div><\/div><div id=\"wpforms-38-field_8-container\" class=\"wpforms-field wpforms-field-text\" data-field-id=\"8\"><label class=\"wpforms-field-label\" for=\"wpforms-38-field_8\">Postinumero ja postitoimipaikka <span class=\"wpforms-required-label\">*<\/span><\/label><input type=\"text\" id=\"wpforms-38-field_8\" class=\"wpforms-field-medium wpforms-field-required\" name=\"wpforms[fields][8]\" required><\/div><div id=\"wpforms-38-field_4-container\" class=\"wpforms-field wpforms-field-text\" data-field-id=\"4\"><label class=\"wpforms-field-label\" for=\"wpforms-38-field_4\">Autosi tiedot<\/label><input type=\"text\" id=\"wpforms-38-field_4\" class=\"wpforms-field-medium\" name=\"wpforms[fields][4]\" ><div class=\"wpforms-field-description\">Merkki, malli ja rekisterinumero<\/div><\/div><div id=\"wpforms-38-field_13-container\" class=\"wpforms-field wpforms-field-text\" data-field-id=\"13\"><label class=\"wpforms-field-label\" for=\"wpforms-38-field_13\">Perhej\u00e4senten tiedot (etunimi ja sukunimi) <\/label><input type=\"text\" id=\"wpforms-38-field_13\" class=\"wpforms-field-medium\" name=\"wpforms[fields][13]\" ><\/div><div id=\"wpforms-38-field_12-container\" class=\"wpforms-field wpforms-field-text\" data-field-id=\"12\"><label class=\"wpforms-field-label\" for=\"wpforms-38-field_12\">Sallin puhelinnumeroni ja paikkakuntani julkaisemisen j\u00e4sentiedotteessa (kirjoita kyll\u00e4 tai ei) <span class=\"wpforms-required-label\">*<\/span><\/label><input type=\"text\" id=\"wpforms-38-field_12\" class=\"wpforms-field-small wpforms-field-required\" name=\"wpforms[fields][12]\" required><div class=\"wpforms-field-description\">Yhteystietojen julkaisulupa j\u00e4senlehdess\u00e4 nro 2 vuosittain<\/div><\/div><\/div><!-- .wpforms-field-container --><div class=\"wpforms-field wpforms-field-hp\"><label for=\"wpforms-38-field-hp\" class=\"wpforms-field-label\">Phone<\/label><input type=\"text\" name=\"wpforms[hp]\" id=\"wpforms-38-field-hp\" class=\"wpforms-field-medium\"><\/div><div class=\"wpforms-submit-container\" ><input type=\"hidden\" name=\"wpforms[id]\" value=\"38\"><input type=\"hidden\" name=\"page_title\" value=\"\"><input type=\"hidden\" name=\"page_url\" value=\"https:\/\/vtcf.net\/wordpress\/index.php?rest_route=\/wp\/v2\/pages\/34\"><input type=\"hidden\" name=\"url_referer\" value=\"\"><button type=\"submit\" name=\"wpforms[submit]\" id=\"wpforms-submit-38\" class=\"wpforms-submit\" data-alt-text=\"Sending...\" data-submit-text=\"L\u00e4het\u00e4 hakemus\" aria-live=\"assertive\" value=\"wpforms-submit\">L\u00e4het\u00e4 hakemus<\/button><\/div><\/form><\/div>  <!-- .wpforms-container -->","protected":false},"excerpt":{"rendered":"<p>Liittymismaksu 20\u20ac, j\u00e4senmaksu 35\u20ac ja perhej\u00e4senmaksu 10\u20ac\/vuosi. HUOM! FHRA:n j\u00e4senkerhon j\u00e4senen\u00e4 olet oikeutettu FHRA:n j\u00e4senetuihin! Lis\u00e4tietoja FHRA:n j\u00e4senhakemuksesta FHRA:n sivuilta.<\/p>\n","protected":false},"author":2,"featured_media":0,"parent":0,"menu_order":0,"comment_status":"closed","ping_status":"closed","template":"","meta":{"footnotes":""},"class_list":["post-34","page","type-page","status-publish","hentry"],"_links":{"self":[{"href":"https:\/\/vtcf.net\/wordpress\/index.php?rest_route=\/wp\/v2\/pages\/34","targetHints":{"allow":["GET"]}}],"collection":[{"href":"https:\/\/vtcf.net\/wordpress\/index.php?rest_route=\/wp\/v2\/pages"}],"about":[{"href":"https:\/\/vtcf.net\/wordpress\/index.php?rest_route=\/wp\/v2\/types\/page"}],"author":[{"embeddable":true,"href":"https:\/\/vtcf.net\/wordpress\/index.php?rest_route=\/wp\/v2\/users\/2"}],"replies":[{"embeddable":true,"href":"https:\/\/vtcf.net\/wordpress\/index.php?rest_route=%2Fwp%2Fv2%2Fcomments&post=34"}],"version-history":[{"count":16,"href":"https:\/\/vtcf.net\/wordpress\/index.php?rest_route=\/wp\/v2\/pages\/34\/revisions"}],"predecessor-version":[{"id":820,"href":"https:\/\/vtcf.net\/wordpress\/index.php?rest_route=\/wp\/v2\/pages\/34\/revisions\/820"}],"wp:attachment":[{"href":"https:\/\/vtcf.net\/wordpress\/index.php?rest_route=%2Fwp%2Fv2%2Fmedia&parent=34"}],"curies":[{"name":"wp","href":"https:\/\/api.w.org\/{rel}","templated":true}]}}