{"id":341,"date":"2021-04-24T14:29:20","date_gmt":"2021-04-24T14:29:20","guid":{"rendered":"https:\/\/vtcf.net\/wordpress\/?page_id=341"},"modified":"2025-11-09T16:01:04","modified_gmt":"2025-11-09T14:01:04","slug":"yhteistyokumppanit-joilta-saa-vtcfn-jasenkortilla-alennusta-ostoksista","status":"publish","type":"page","link":"https:\/\/vtcf.net\/wordpress\/?page_id=341","title":{"rendered":"J\u00e4senedut"},"content":{"rendered":"\n<p><strong><span class=\"has-inline-color has-vivid-cyan-blue-color\">Edut, jotka saat liittyess\u00e4si VTCF ry:n j\u00e4seneksi<\/span><\/strong><\/p>\n\n\n\n<p><a href=\"https:\/\/vtcf.net\/wordpress\/wp-content\/uploads\/2025\/11\/Scan_20251109_155300.jpg\" target=\"_blank\" rel=\"noreferrer noopener\">Kerholehti <\/a>4 kertaa vuodessa<\/p>\n\n\n\n<p>P\u00e4\u00e4set osallistumaan VTCF ry:n j\u00e4rjest\u00e4miin tapahtumiin edullisemmin!<\/p>\n\n\n\n<p>US-parts, ilmoita kassalla asiakasnumero 81150 ja n\u00e4yt\u00e4t j\u00e4senkortin. Alennus m\u00e4\u00e4r\u00e4ytyy tuotteiden mukaan.<\/p>\n\n\n\n<p>Euromaster, asiakasnumero 72087, j\u00e4senkortilla alennusta renkaista. <\/p>\n\n\n\n<p>Tallink-Silja, yritysasiakasnumero on 11295. Varatessasi valitse &#8221;yritysasiakas&#8221;<\/p>\n\n\n\n<h3 class=\"wp-block-heading\">FHRA:n Yhdistysj\u00e4senen henkil\u00f6j\u00e4senyys<\/h3>\n\n\n\n<p>Olemme FHRA ry:n j\u00e4senkerho, eli yhdistysj\u00e4sen, joten VTCF:n j\u00e4sen joka ei kilpaile, voi liitty\u00e4 FHRA:n j\u00e4seneksi hintaan 15 \u20ac (norm. 30\u20ac). <a href=\"https:\/\/www.fhra.fi\/jasenyys\/jasenedut\/\" target=\"_blank\" rel=\"noreferrer noopener\">T\u00e4ll\u00f6in saat kaikki my\u00f6s FHRA:n j\u00e4senedut. <\/a><\/p>\n\n\n\n<p><\/p>\n","protected":false},"excerpt":{"rendered":"<p>Edut, jotka saat liittyess\u00e4si VTCF ry:n j\u00e4seneksi Kerholehti 4 kertaa vuodessa P\u00e4\u00e4set osallistumaan VTCF ry:n j\u00e4rjest\u00e4miin tapahtumiin edullisemmin! US-parts, ilmoita kassalla asiakasnumero 81150 ja n\u00e4yt\u00e4t j\u00e4senkortin. Alennus m\u00e4\u00e4r\u00e4ytyy tuotteiden mukaan. Euromaster, asiakasnumero 72087, j\u00e4senkortilla alennusta renkaista. Tallink-Silja, yritysasiakasnumero on 11295. Varatessasi valitse &#8221;yritysasiakas&#8221; FHRA:n Yhdistysj\u00e4senen henkil\u00f6j\u00e4senyys Olemme FHRA ry:n j\u00e4senkerho, eli yhdistysj\u00e4sen, joten VTCF:n j\u00e4sen &hellip; <\/p>\n<p class=\"link-more\"><a href=\"https:\/\/vtcf.net\/wordpress\/?page_id=341\" class=\"more-link\">Jatka lukemista<span class=\"screen-reader-text\"> &#8221;J\u00e4senedut&#8221;<\/span><\/a><\/p>\n","protected":false},"author":2,"featured_media":0,"parent":0,"menu_order":0,"comment_status":"closed","ping_status":"closed","template":"","meta":{"footnotes":""},"class_list":["post-341","page","type-page","status-publish","hentry"],"_links":{"self":[{"href":"https:\/\/vtcf.net\/wordpress\/index.php?rest_route=\/wp\/v2\/pages\/341","targetHints":{"allow":["GET"]}}],"collection":[{"href":"https:\/\/vtcf.net\/wordpress\/index.php?rest_route=\/wp\/v2\/pages"}],"about":[{"href":"https:\/\/vtcf.net\/wordpress\/index.php?rest_route=\/wp\/v2\/types\/page"}],"author":[{"embeddable":true,"href":"https:\/\/vtcf.net\/wordpress\/index.php?rest_route=\/wp\/v2\/users\/2"}],"replies":[{"embeddable":true,"href":"https:\/\/vtcf.net\/wordpress\/index.php?rest_route=%2Fwp%2Fv2%2Fcomments&post=341"}],"version-history":[{"count":7,"href":"https:\/\/vtcf.net\/wordpress\/index.php?rest_route=\/wp\/v2\/pages\/341\/revisions"}],"predecessor-version":[{"id":953,"href":"https:\/\/vtcf.net\/wordpress\/index.php?rest_route=\/wp\/v2\/pages\/341\/revisions\/953"}],"wp:attachment":[{"href":"https:\/\/vtcf.net\/wordpress\/index.php?rest_route=%2Fwp%2Fv2%2Fmedia&parent=341"}],"curies":[{"name":"wp","href":"https:\/\/api.w.org\/{rel}","templated":true}]}}