{"id":941,"date":"2025-11-09T15:37:35","date_gmt":"2025-11-09T13:37:35","guid":{"rendered":"https:\/\/vtcf.net\/wordpress\/?page_id=941"},"modified":"2026-04-02T12:06:57","modified_gmt":"2026-04-02T10:06:57","slug":"tapahtumat-2026-paivitetty-9-11-2025","status":"publish","type":"page","link":"https:\/\/vtcf.net\/wordpress\/?page_id=941","title":{"rendered":"Tapahtumat 2026"},"content":{"rendered":"\n<p>(p\u00e4ivitetty 2.4.2026, p\u00e4\u00e4meetin tiedot lis\u00e4ilty)<\/p>\n\n\n\n<figure class=\"wp-block-table is-style-stripes\"><table><tbody><tr><td>Tammikuu<\/td><td><\/td><\/tr><tr><td>Helmikuu<\/td><td><\/td><\/tr><tr><td>Maaliskuu<\/td><td><\/td><\/tr><tr><td>Huhtikuu<br><\/td><td><mark style=\"background-color:rgba(0, 0, 0, 0)\" class=\"has-inline-color has-black-color\">25.4. klo 14.00 alkaen VTCF ry. s\u00e4\u00e4nt\u00f6m\u00e4\u00e4r\u00e4inen kev\u00e4tkokous<\/mark>. <a href=\"https:\/\/vtcf.net\/wordpress\/wp-content\/uploads\/2026\/02\/osoite.jpg\">Ty\u00f6tehoseuran tilat, Nuolikuja 6, Vantaa<\/a><\/td><\/tr><tr><td>Toukokuu<\/td><td>8.-10.5. Tallinnan Kev\u00e4tristeily on peruutettu!<br>22.-24.5.2026 <a href=\"https:\/\/vtcf.net\/wordpress\/wp-content\/uploads\/2026\/02\/Mainos2026_2-002-scaled.jpg\">VAiN H\u00c4JYYT XVIII<\/a>, Luonto Parra, Parrantie 27, Teuva<\/td><\/tr><tr><td>Kes\u00e4kuu<br><\/td><td>12-14.6.2026 IHAP XI, Korttian kyl\u00e4talo, Tarkintie 10, Askola. Lis\u00e4tietoja Maarit Huittinen, p. 040-5222458<\/td><\/tr><tr><td>Hein\u00e4kuu<br><br><br><br><br><\/td><td>3.-5.7.2026 Manse Vans Weekend, Manse Vans. Urjala Kajaniemi Camping<br> Kajaniementie 79, Urjala.<br>5.-9.7.2026 Whole Week Run Mansesta Midnight Sun? J\u00e4rjestet\u00e4\u00e4n, mik\u00e4li porukkaa kiinnostaa!<br><strong>9.-12.7.2026 <a href=\"https:\/\/vtcf.net\/wordpress\/wp-content\/uploads\/2026\/04\/webmainos.jpg\" target=\"_blank\" rel=\"noreferrer noopener\">Nordic Van Nationals<\/a>, <a href=\"https:\/\/maps.app.goo.gl\/YL6B7BFg4coxWTjQA\" target=\"_blank\" rel=\"noreferrer noopener\">Jinx The Ranch<\/a>, Sporrasbacken 39A, Loviisa. <a href=\"https:\/\/vtcf.net\/wordpress\/?page_id=858\">Ohjelma (p\u00e4ivittyy tapahtuman l\u00e4hetess\u00e4)!<\/a><br>Hinnat: Aikuiset 50\u20ac\/hl\u00f6, lapset 15-18 v. 10\u20ac\/hl\u00f6 aikuisen mukana, lapset alle 15 v. maksutta. P\u00e4iv\u00e4k\u00e4ynti 20\u20ac\/hl\u00f6. Kaikkiin hintoihin sis\u00e4ltyy s\u00e4hk\u00f6t, saunat, ohjelma ja 1 kpl meetingmuisto\/auto. Ylim\u00e4\u00e4r\u00e4inen meetingmuisto 5\u20ac\/kpl.<\/strong><\/td><\/tr><tr><td>Elokuu<br><\/td><td>31.7.-2.8.2026 AVC Meet, Valasranta Camping, Rantapolku 49, Yl\u00e4ne<br>28.-30.8.2026 Merenkurkun Miitti XI, Merenkurkun Majatalo<\/td><\/tr><tr><td>Syyskuu<\/td><td>4.-6.9.2026 27. Syysmeeting , Kes\u00e4ranta, Ansiontie 541, Hausj\u00e4rvi. <\/td><\/tr><tr><td>Lokakuu<\/td><td><\/td><\/tr><tr><td>Marraskuu<br><\/td><td>31.10. Vanivaltiop\u00e4iv\u00e4t, VTCF ry:n s\u00e4\u00e4nt\u00f6m\u00e4\u00e4r\u00e4inen syyskokous ja Kaikkien Vannareiden Pikkujoulut. <\/td><\/tr><tr><td>Joulukuu<\/td><td><\/td><\/tr><\/tbody><\/table><\/figure>\n\n\n\n<p><\/p>\n","protected":false},"excerpt":{"rendered":"<p>(p\u00e4ivitetty 2.4.2026, p\u00e4\u00e4meetin tiedot lis\u00e4ilty) Tammikuu Helmikuu Maaliskuu Huhtikuu 25.4. klo 14.00 alkaen VTCF ry. s\u00e4\u00e4nt\u00f6m\u00e4\u00e4r\u00e4inen kev\u00e4tkokous. Ty\u00f6tehoseuran tilat, Nuolikuja 6, Vantaa Toukokuu 8.-10.5. Tallinnan Kev\u00e4tristeily on peruutettu!22.-24.5.2026 VAiN H\u00c4JYYT XVIII, Luonto Parra, Parrantie 27, Teuva Kes\u00e4kuu 12-14.6.2026 IHAP XI, Korttian kyl\u00e4talo, Tarkintie 10, Askola. Lis\u00e4tietoja Maarit Huittinen, p. 040-5222458 Hein\u00e4kuu 3.-5.7.2026 Manse Vans Weekend, &hellip; <\/p>\n<p class=\"link-more\"><a href=\"https:\/\/vtcf.net\/wordpress\/?page_id=941\" class=\"more-link\">Jatka lukemista<span class=\"screen-reader-text\"> &#8221;Tapahtumat 2026&#8221;<\/span><\/a><\/p>\n","protected":false},"author":2,"featured_media":0,"parent":0,"menu_order":0,"comment_status":"closed","ping_status":"closed","template":"","meta":{"footnotes":""},"class_list":["post-941","page","type-page","status-publish","hentry"],"_links":{"self":[{"href":"https:\/\/vtcf.net\/wordpress\/index.php?rest_route=\/wp\/v2\/pages\/941","targetHints":{"allow":["GET"]}}],"collection":[{"href":"https:\/\/vtcf.net\/wordpress\/index.php?rest_route=\/wp\/v2\/pages"}],"about":[{"href":"https:\/\/vtcf.net\/wordpress\/index.php?rest_route=\/wp\/v2\/types\/page"}],"author":[{"embeddable":true,"href":"https:\/\/vtcf.net\/wordpress\/index.php?rest_route=\/wp\/v2\/users\/2"}],"replies":[{"embeddable":true,"href":"https:\/\/vtcf.net\/wordpress\/index.php?rest_route=%2Fwp%2Fv2%2Fcomments&post=941"}],"version-history":[{"count":20,"href":"https:\/\/vtcf.net\/wordpress\/index.php?rest_route=\/wp\/v2\/pages\/941\/revisions"}],"predecessor-version":[{"id":1022,"href":"https:\/\/vtcf.net\/wordpress\/index.php?rest_route=\/wp\/v2\/pages\/941\/revisions\/1022"}],"wp:attachment":[{"href":"https:\/\/vtcf.net\/wordpress\/index.php?rest_route=%2Fwp%2Fv2%2Fmedia&parent=941"}],"curies":[{"name":"wp","href":"https:\/\/api.w.org\/{rel}","templated":true}]}}